{"id":52148,"date":"2018-12-14T12:47:08","date_gmt":"2018-12-14T10:47:08","guid":{"rendered":"https:\/\/yovedenateljeekoti.net\/?page_id=52148"},"modified":"2025-01-11T13:31:12","modified_gmt":"2025-01-11T11:31:12","slug":"yhteystiedot","status":"publish","type":"page","link":"https:\/\/yovedenateljeekoti.net\/en\/yhteystiedot\/","title":{"rendered":"Contact"},"content":{"rendered":"<p>[et_pb_section fb_built=&#8221;1&#8243; disabled_on=&#8221;off|off|off&#8221; _builder_version=&#8221;4.16&#8243; background_image=&#8221;https:\/\/yovedenateljeekoti.net\/wp-content\/uploads\/2019\/01\/photo-1477322524744-0eece9e79640.jpeg&#8221; custom_padding=&#8221;0|0|0|0px|false|false&#8221; global_colors_info=&#8221;{}&#8221;][et_pb_row column_structure=&#8221;1_2,1_2&#8243; disabled_on=&#8221;off|off|off&#8221; _builder_version=&#8221;4.16&#8243; use_background_color_gradient=&#8221;on&#8221; background_color_gradient_direction=&#8221;360deg&#8221; background_color_gradient_stops=&#8221;rgba(216,216,216,0) 42%|#011738 95%&#8221; background_color_gradient_start=&#8221;rgba(216,216,216,0)&#8221; background_color_gradient_start_position=&#8221;42%&#8221; background_color_gradient_end=&#8221;#011738&#8243; background_color_gradient_end_position=&#8221;95%&#8221; width=&#8221;100%&#8221; max_width=&#8221;100%&#8221; custom_padding=&#8221;113px|0|367px|0px|false|false&#8221; use_custom_width=&#8221;on&#8221; width_unit=&#8221;off&#8221; custom_width_percent=&#8221;100%&#8221; global_colors_info=&#8221;{}&#8221;][et_pb_column type=&#8221;1_2&#8243; _builder_version=&#8221;4.16&#8243; custom_padding=&#8221;|||&#8221; global_colors_info=&#8221;{}&#8221; custom_padding__hover=&#8221;|||&#8221;][et_pb_text _builder_version=&#8221;4.16&#8243; text_font=&#8221;Cinzel Decorative||||||||&#8221; text_text_color=&#8221;#f9f5ef&#8221; text_font_size=&#8221;1px&#8221; text_letter_spacing=&#8221;1px&#8221; header_font=&#8221;Cinzel Decorative|700|||||||&#8221; header_text_color=&#8221;#f9f5ef&#8221; header_font_size=&#8221;24px&#8221; global_colors_info=&#8221;{}&#8221;]<\/p>\n<h1 style=\"text-align: center;\">Y\u00f6veden Ateljeekoti<\/h1>\n<p>[\/et_pb_text][et_pb_text _builder_version=&#8221;4.27.4&#8243; text_font=&#8221;Lora||||||||&#8221; text_text_color=&#8221;gcid-36327d4f-cddb-4d64-abde-15130ec6dcaa&#8221; text_orientation=&#8221;center&#8221; custom_margin=&#8221;||27px|||&#8221; sticky_enabled=&#8221;0&#8243; global_colors_info=&#8221;{%22gcid-36327d4f-cddb-4d64-abde-15130ec6dcaa%22:%91%22link_text_color%22,%22text_text_color%22%93,%22gcid-12af393f-0593-446a-b68b-8d1fa350dd3c%22:%91%22header_text_color%22%93}&#8221; text_font_size=&#8221;18px&#8221; text_font_size_tablet=&#8221;20px&#8221; text_font_size_phone=&#8221;17px&#8221; text_font_size_last_edited=&#8221;on|phone&#8221; text_line_height=&#8221;1.8em&#8221; link_text_color=&#8221;gcid-36327d4f-cddb-4d64-abde-15130ec6dcaa&#8221; header_font=&#8221;Playfair Display||||||||&#8221; header_text_color=&#8221;gcid-12af393f-0593-446a-b68b-8d1fa350dd3c&#8221; header_line_height=&#8221;1.6em&#8221; custom_padding=&#8221;|9%||9%|false|true&#8221; hover_enabled=&#8221;0&#8243; text_text_shadow_style=&#8221;preset3&#8243;]<\/p>\n<p>L\u00e4mpim\u00e4sti tervetuloa!<br \/>Himalansaarentie 553, 52420 Ristiina<\/p>\n<p>Ota yhteytt\u00e4 s\u00e4hk\u00f6postitse -&gt;<br \/><span style=\"color: rgba(255, 255, 255, 0.59);\"><a href=\"mailto:ateljeekoti@katjaantonoff.net\" style=\"color: rgba(255, 255, 255, 0.59);\">ateljeekoti@katjaantonoff.net<\/a><\/span><\/p>\n<p>Soita, laita viesti\u00e4 -&gt; 040 5784003<\/p>\n<p>[\/et_pb_text][et_pb_social_media_follow _builder_version=&#8221;4.16&#8243; _module_preset=&#8221;default&#8221; text_orientation=&#8221;center&#8221; custom_padding=&#8221;||13px|||&#8221; global_colors_info=&#8221;{}&#8221;][et_pb_social_media_follow_network social_network=&#8221;facebook&#8221; url=&#8221;https:\/\/www.facebook.com\/yovedenateljeekoti&#8221; _builder_version=&#8221;4.16&#8243; _module_preset=&#8221;default&#8221; background_color=&#8221;#c16250&#8243; background_enable_color=&#8221;on&#8221; global_colors_info=&#8221;{}&#8221; follow_button=&#8221;off&#8221; url_new_window=&#8221;on&#8221;]facebook[\/et_pb_social_media_follow_network][et_pb_social_media_follow_network social_network=&#8221;instagram&#8221; url=&#8221;https:\/\/www.instagram.com\/katjaantonoff\/&#8221; _builder_version=&#8221;4.16&#8243; _module_preset=&#8221;default&#8221; background_color=&#8221;#c16250&#8243; background_enable_color=&#8221;on&#8221; global_colors_info=&#8221;{}&#8221; follow_button=&#8221;off&#8221; url_new_window=&#8221;on&#8221;]instagram[\/et_pb_social_media_follow_network][\/et_pb_social_media_follow][\/et_pb_column][et_pb_column type=&#8221;1_2&#8243; _builder_version=&#8221;4.16&#8243; custom_padding=&#8221;|||&#8221; global_colors_info=&#8221;{}&#8221; custom_padding__hover=&#8221;|||&#8221;][et_pb_text _builder_version=&#8221;4.27.4&#8243; text_font=&#8221;Lora||||||||&#8221; text_text_color=&#8221;#f9f5ef&#8221; hover_enabled=&#8221;0&#8243; global_colors_info=&#8221;{}&#8221; sticky_enabled=&#8221;0&#8243;]<\/p>\n<p>Ajo-ohjeet. Klikkaa karttaa!<\/p>\n<p>[\/et_pb_text][et_pb_image src=&#8221;https:\/\/yovedenateljeekoti.net\/wp-content\/uploads\/2019\/01\/kartta.jpg&#8221; url=&#8221;https:\/\/www.google.com\/maps\/place\/Himalansaarentie+553,+52420+Ristiina\/@61.4250614,27.5544995,17z\/data=!3m1!4b1!4m5!3m4!1s0x46907a3394859909:0x71a02b189846695d!8m2!3d61.4250614!4d27.5566882&#8243; url_new_window=&#8221;on&#8221; align_tablet=&#8221;center&#8221; align_phone=&#8221;&#8221; align_last_edited=&#8221;on|desktop&#8221; _builder_version=&#8221;4.16&#8243; max_width=&#8221;67%&#8221; filter_opacity=&#8221;69%&#8221; global_colors_info=&#8221;{}&#8221;][\/et_pb_image][\/et_pb_column][\/et_pb_row][\/et_pb_section][et_pb_section fb_built=&#8221;1&#8243; _builder_version=&#8221;4.27.4&#8243; _module_preset=&#8221;default&#8221; background_color=&#8221;gcid-12af393f-0593-446a-b68b-8d1fa350dd3c&#8221; saved_tabs=&#8221;all&#8221; global_colors_info=&#8221;{%22gcid-12af393f-0593-446a-b68b-8d1fa350dd3c%22:%91%22background_color%22%93}&#8221; global_module=&#8221;55844&#8243; theme_builder_area=&#8221;post_content&#8221;][et_pb_row _builder_version=&#8221;4.27.4&#8243; _module_preset=&#8221;default&#8221; global_colors_info=&#8221;{}&#8221; theme_builder_area=&#8221;post_content&#8221;][et_pb_column type=&#8221;4_4&#8243; _builder_version=&#8221;4.27.4&#8243; _module_preset=&#8221;default&#8221; global_colors_info=&#8221;{}&#8221; theme_builder_area=&#8221;post_content&#8221;][et_pb_image src=&#8221;https:\/\/yovedenateljeekoti.net\/wp-content\/uploads\/2023\/04\/ateljeekotilogo_2023_dark.png&#8221; title_text=&#8221;ateljeekotilogo_2023_dark&#8221; align=&#8221;center&#8221; _builder_version=&#8221;4.27.4&#8243; _module_preset=&#8221;default&#8221; custom_margin=&#8221;-33%||30px||false|false&#8221; global_colors_info=&#8221;{}&#8221; theme_builder_area=&#8221;post_content&#8221;][\/et_pb_image][\/et_pb_column][\/et_pb_row][et_pb_row column_structure=&#8221;1_3,1_3,1_3&#8243; _builder_version=&#8221;4.27.4&#8243; width=&#8221;100%&#8221; max_width=&#8221;2218px&#8221; custom_padding=&#8221;0px|5%||8%|false|false&#8221; locked=&#8221;off&#8221; global_colors_info=&#8221;{}&#8221; theme_builder_area=&#8221;post_content&#8221;][et_pb_column type=&#8221;1_3&#8243; _builder_version=&#8221;4.16&#8243; custom_padding=&#8221;|||&#8221; global_colors_info=&#8221;{}&#8221; custom_padding__hover=&#8221;|||&#8221; theme_builder_area=&#8221;post_content&#8221;][et_pb_text _builder_version=&#8221;4.27.4&#8243; text_font=&#8221;Lora||||||||&#8221; text_text_color=&#8221;#FFFFFF&#8221; text_font_size=&#8221;18px&#8221; text_line_height=&#8221;1.8em&#8221; link_text_color=&#8221;gcid-36327d4f-cddb-4d64-abde-15130ec6dcaa&#8221; text_orientation=&#8221;center&#8221; custom_margin=&#8221;||27px|||&#8221; custom_padding=&#8221;|||9%|false|false&#8221; text_font_size_tablet=&#8221;20px&#8221; text_font_size_phone=&#8221;17px&#8221; text_font_size_last_edited=&#8221;on|phone&#8221; global_colors_info=&#8221;{%22gcid-36327d4f-cddb-4d64-abde-15130ec6dcaa%22:%91%22link_text_color%22%93}&#8221; theme_builder_area=&#8221;post_content&#8221;]<\/p>\n<p style=\"text-align: left;\">YHTEYS<\/p>\n<p style=\"text-align: left;\"><a href=\"mailto:ateljeekoti@katjaantonoff.net\">ateljeekoti@katjaantonoff.net<\/a><br \/>Majoitusvaraukset: <a href=\"https:\/\/www.airbnb.fi\/rooms\/31169091?guests=1&amp;adults=1&amp;s=67&amp;unique_share_id=81881805-aad5-4cf1-9e79-f5e0a5ce1b09\">airbnb\u00a0<\/a><\/p>\n<p>[\/et_pb_text][et_pb_social_media_follow _builder_version=&#8221;4.27.4&#8243; _module_preset=&#8221;default&#8221; text_orientation=&#8221;left&#8221; custom_margin=&#8221;||6px|||&#8221; custom_padding=&#8221;||13px|9%|false|false&#8221; global_colors_info=&#8221;{}&#8221; theme_builder_area=&#8221;post_content&#8221;][et_pb_social_media_follow_network social_network=&#8221;facebook&#8221; url=&#8221;https:\/\/www.facebook.com\/yovedenateljeekoti&#8221; icon_color=&#8221;gcid-12af393f-0593-446a-b68b-8d1fa350dd3c&#8221; use_icon_font_size=&#8221;on&#8221; icon_font_size=&#8221;21px&#8221; _builder_version=&#8221;4.27.4&#8243; _module_preset=&#8221;default&#8221; background_color=&#8221;gcid-992030b7-aaf3-4f40-a6f8-6a8f4e4e208c&#8221; background_enable_color=&#8221;on&#8221; border_radii=&#8221;on|34px|34px|34px|34px&#8221; border_width_all=&#8221;8px&#8221; border_color_all=&#8221;gcid-12af393f-0593-446a-b68b-8d1fa350dd3c&#8221; global_colors_info=&#8221;{%22gcid-12af393f-0593-446a-b68b-8d1fa350dd3c%22:%91%22border_color_all%22,%22icon_color%22%93,%22gcid-992030b7-aaf3-4f40-a6f8-6a8f4e4e208c%22:%91%22background_color%22%93}&#8221; theme_builder_area=&#8221;post_content&#8221; follow_button=&#8221;off&#8221; url_new_window=&#8221;on&#8221;]facebook[\/et_pb_social_media_follow_network][et_pb_social_media_follow_network social_network=&#8221;instagram&#8221; url=&#8221;https:\/\/www.instagram.com\/katjaantonoff\/&#8221; icon_color=&#8221;gcid-12af393f-0593-446a-b68b-8d1fa350dd3c&#8221; use_icon_font_size=&#8221;on&#8221; icon_font_size=&#8221;21px&#8221; _builder_version=&#8221;4.27.4&#8243; _module_preset=&#8221;default&#8221; background_color=&#8221;gcid-992030b7-aaf3-4f40-a6f8-6a8f4e4e208c&#8221; background_enable_color=&#8221;on&#8221; border_radii=&#8221;on|34px|34px|34px|34px&#8221; border_width_all=&#8221;8px&#8221; border_color_all=&#8221;gcid-12af393f-0593-446a-b68b-8d1fa350dd3c&#8221; global_colors_info=&#8221;{%22gcid-12af393f-0593-446a-b68b-8d1fa350dd3c%22:%91%22border_color_all%22,%22icon_color%22%93,%22gcid-992030b7-aaf3-4f40-a6f8-6a8f4e4e208c%22:%91%22background_color%22%93}&#8221; theme_builder_area=&#8221;post_content&#8221; follow_button=&#8221;off&#8221; url_new_window=&#8221;on&#8221;]instagram[\/et_pb_social_media_follow_network][\/et_pb_social_media_follow][et_pb_text _builder_version=&#8221;4.27.4&#8243; text_font=&#8221;Lora||||||||&#8221; text_text_color=&#8221;#FFFFFF&#8221; text_font_size=&#8221;18px&#8221; text_line_height=&#8221;1.4em&#8221; text_orientation=&#8221;center&#8221; custom_padding=&#8221;|||9%|false|false&#8221; text_font_size_tablet=&#8221;20px&#8221; text_font_size_phone=&#8221;17px&#8221; text_font_size_last_edited=&#8221;on|phone&#8221; global_colors_info=&#8221;{}&#8221; theme_builder_area=&#8221;post_content&#8221;]<\/p>\n<p style=\"text-align: left;\">Sinisaimaa Oy<\/p>\n<p style=\"text-align: left;\">Y\u00d6VEDEN ATELJEEKOTI<br \/>Himalansaarentie 553, 52420 Ristiina<br \/>+358405784003<br \/>y-tunnus 0970126-8<\/p>\n<p>[\/et_pb_text][\/et_pb_column][et_pb_column type=&#8221;1_3&#8243; _builder_version=&#8221;4.16&#8243; custom_padding=&#8221;|||&#8221; global_colors_info=&#8221;{}&#8221; custom_padding__hover=&#8221;|||&#8221; theme_builder_area=&#8221;post_content&#8221;][\/et_pb_column][et_pb_column type=&#8221;1_3&#8243; _builder_version=&#8221;4.16&#8243; custom_padding=&#8221;|||&#8221; global_colors_info=&#8221;{}&#8221; custom_padding__hover=&#8221;|||&#8221; theme_builder_area=&#8221;post_content&#8221;][et_pb_image src=&#8221;https:\/\/yovedenateljeekoti.net\/wp-content\/uploads\/2025\/01\/Epassi_logo_color.png&#8221; title_text=&#8221;Epassi_logo_color&#8221; _builder_version=&#8221;4.27.4&#8243; _module_preset=&#8221;default&#8221; global_colors_info=&#8221;{}&#8221; theme_builder_area=&#8221;post_content&#8221;][\/et_pb_image][et_pb_image src=&#8221;https:\/\/yovedenateljeekoti.net\/wp-content\/uploads\/2025\/01\/Epassi-Logo-Secondary-Color-RGB.png&#8221; title_text=&#8221;Epassi Logo Secondary Color RGB&#8221; _builder_version=&#8221;4.27.4&#8243; _module_preset=&#8221;default&#8221; filter_opacity=&#8221;92%&#8221; global_colors_info=&#8221;{}&#8221; theme_builder_area=&#8221;post_content&#8221;][\/et_pb_image][\/et_pb_column][\/et_pb_row][\/et_pb_section]<\/p>\n","protected":false},"excerpt":{"rendered":"<p>Y\u00f6veden AteljeekotiL\u00e4mpim\u00e4sti tervetuloa!Himalansaarentie 553, 52420 Ristiina Ota yhteytt\u00e4 s\u00e4hk\u00f6postitse -&gt;ateljeekoti@katjaantonoff.net Soita, laita viesti\u00e4 -&gt; 040 5784003Ajo-ohjeet. Klikkaa karttaa!YHTEYS ateljeekoti@katjaantonoff.netMajoitusvaraukset: airbnb\u00a0Sinisaimaa Oy Y\u00d6VEDEN ATELJEEKOTIHimalansaarentie 553, 52420 Ristiina+358405784003y-tunnus 0970126-8<\/p>","protected":false},"author":5,"featured_media":0,"parent":0,"menu_order":0,"comment_status":"closed","ping_status":"closed","template":"","meta":{"_et_pb_use_builder":"on","_et_pb_old_content":"<!-- wp:divi\/placeholder \/-->","_et_gb_content_width":"","footnotes":""},"class_list":["post-52148","page","type-page","status-publish","hentry"],"aioseo_notices":[],"_links":{"self":[{"href":"https:\/\/yovedenateljeekoti.net\/en\/wp-json\/wp\/v2\/pages\/52148","targetHints":{"allow":["GET"]}}],"collection":[{"href":"https:\/\/yovedenateljeekoti.net\/en\/wp-json\/wp\/v2\/pages"}],"about":[{"href":"https:\/\/yovedenateljeekoti.net\/en\/wp-json\/wp\/v2\/types\/page"}],"author":[{"embeddable":true,"href":"https:\/\/yovedenateljeekoti.net\/en\/wp-json\/wp\/v2\/users\/5"}],"replies":[{"embeddable":true,"href":"https:\/\/yovedenateljeekoti.net\/en\/wp-json\/wp\/v2\/comments?post=52148"}],"version-history":[{"count":17,"href":"https:\/\/yovedenateljeekoti.net\/en\/wp-json\/wp\/v2\/pages\/52148\/revisions"}],"predecessor-version":[{"id":55991,"href":"https:\/\/yovedenateljeekoti.net\/en\/wp-json\/wp\/v2\/pages\/52148\/revisions\/55991"}],"wp:attachment":[{"href":"https:\/\/yovedenateljeekoti.net\/en\/wp-json\/wp\/v2\/media?parent=52148"}],"curies":[{"name":"wp","href":"https:\/\/api.w.org\/{rel}","templated":true}]}}