{"id":56436,"date":"2025-12-01T11:54:27","date_gmt":"2025-12-01T09:54:27","guid":{"rendered":"https:\/\/yovedenateljeekoti.net\/?page_id=56436"},"modified":"2025-12-07T17:03:15","modified_gmt":"2025-12-07T15:03:15","slug":"paketit-seurueille","status":"publish","type":"page","link":"https:\/\/yovedenateljeekoti.net\/en\/yrityksille-ryhmille\/paketit-seurueille\/","title":{"rendered":"Packages for groups"},"content":{"rendered":"<p><strong>Packages for groups<\/strong><\/p>\n<p><strong><em>Luovuutta, l\u00e4sn\u00e4oloa ja yhdess\u00e4 olemista inspiroivassa ateljeekodissa<\/em><\/strong><\/p>\n<p>Tarjoamme el\u00e4myksellisi\u00e4 taidep\u00e4ivi\u00e4 ja kokoushetki\u00e4 ainutlaatuisessa ateljeekodissa, jossa rauha, valo ja luovuus luovat puitteet ikimuistoisille yhteisille kokemuksille. Kaikki paketit voidaan r\u00e4\u00e4t\u00e4l\u00f6id\u00e4 seurueellenne sopiviksi, ja Ateljeekoti on varattu k\u00e4ytt\u00f6\u00f6nne klo <strong>8.00\u201320.00<\/strong>.<\/p>\n<p><strong>El\u00e4myksellinen taidep\u00e4iv\u00e4 \u2013 Sukellus akvarellin maailmaan<\/strong><\/p>\n<p>Tule viett\u00e4m\u00e4\u00e4n inspiroiva p\u00e4iv\u00e4, jossa v\u00e4ri, valo ja vesi kohtaavat. Akvarellip\u00e4iv\u00e4 sopii niin aloittelijoille kuin kokeneillekin maalareille \u2013 saat henkil\u00f6kohtaista ohjausta ja p\u00e4\u00e4set uppoutumaan luovaan tilaan omassa tahdissasi.<\/p>\n<p><strong>P\u00e4iv\u00e4n ohjelma<\/strong><\/p>\n<p><strong>10.00-10.30<\/strong> Saapuminen ja tervetulomalja<br \/>\n<strong>10.30\u201311.00<\/strong> Ateljeekodin ja Katjan esittely<br \/>\n<strong>11.00\u201312.00<\/strong> Akvarelli esitt\u00e4ytyy \u2013 veden ja v\u00e4rin leikki<br \/>\n<strong>12.00\u201313.00<\/strong> Inspiraatiok\u00e4vely ja vapaata tutustumista ymp\u00e4rist\u00f6\u00f6n<br \/>\n<strong>13.00\u201314.00<\/strong> Lounas ja kahvi<br \/>\n<strong>14.00\u201316.00<\/strong> Oman teoksen maalaus, henkil\u00f6kohtaista ohjausta<br \/>\n<strong>16.00\u201316.30<\/strong> Viimeistely ja kehystys passepartout-kehykseen<\/p>\n<p><strong>16.30-17.00<\/strong> Yhteinen loppukeskustelu, todistusten jako sek\u00e4 valokuvaus taiteilijan kanssa<\/p>\n<p><strong>Ryhm\u00e4n koko 6\u201316 hl\u00f6<\/strong><\/p>\n<p><strong>Hinta: 185 \u20ac\/hl\u00f6<\/strong><\/p>\n<p>Sis\u00e4lt\u00e4\u00e4:<\/p>\n<ul>\n<li>kaikki materiaalit: 100 % puuvillapaperin, ammattilaatuiset v\u00e4rit sek\u00e4 laadukkaat oravan- ja n\u00e4\u00e4d\u00e4nkarvasiveltimet.<\/li>\n<li>Ammattitaiteilijan ohjauksen<\/li>\n<li>Lounaan sek\u00e4 kahvin<\/li>\n<li>Valmiin teoksen passepartout kehykseen kehystettyn\u00e4 ja muistoksi todistuksen osallistumisesta<\/li>\n<\/ul>\n<p>&nbsp;<\/p>\n<p><strong>\ud83c\udf0a<\/strong> <strong>El\u00e4myksellinen taideviipym\u00e4 \u2013 Sukellus akvarellin maailmaan<\/strong><\/p>\n<p>Koe kahden p\u00e4iv\u00e4n mittainen taide-el\u00e4mys, jossa v\u00e4ri, valo ja vesi kohtaavat. Pehme\u00e4sti etenev\u00e4 ohjelma yhdist\u00e4\u00e4 luovan ty\u00f6skentelyn, luonnosta ammentavan inspiraation ja hemmottelevan majoituksen. Sopii sek\u00e4 aloittelijoille ett\u00e4 kokeneille maalareille.<\/p>\n<p><strong>\ud83d\udd59<\/strong><strong> P\u00e4iv\u00e4 1 \u2013 Akvarellin lumoissa<\/strong><\/p>\n<p><strong>10.00<\/strong> Saapuminen ja tervetulomalja<br \/>\n<strong>10.30\u201311.00<\/strong> Ateljeekodin ja Katjan esittely<br \/>\n<strong>11.00\u201312.00<\/strong> Akvarelli esitt\u00e4ytyy \u2013 veden ja v\u00e4rin leikki<br \/>\n<strong>12.00\u201313.00<\/strong> Inspiraatiok\u00e4vely ja vapaata tutustumista ymp\u00e4rist\u00f6\u00f6n<br \/>\n<strong>13.00\u201314.00<\/strong> Lounas ja kahvi<br \/>\n<strong>14.00\u201316.00<\/strong> Oman teoksen maalaus, henkil\u00f6kohtaista ohjausta<br \/>\n<strong>16.00\u201316.30<\/strong>\u00a0Viimeistely, kehystys passepartout-kehykseen ja yhteinen katselmus<\/p>\n<p><strong>16.30-17.00<\/strong> Yhteinen loppukeskustelu, todistusten jako sek\u00e4 valokuvaus taiteilijan kanssa<\/p>\n<p><strong>17.30<\/strong> Rantasauna l\u00e4mpim\u00e4n\u00e4 \u2013 mahdollisuus pulahtaa Y\u00f6veteen<br \/>\n<strong>19.00<\/strong> Illallinen (meill\u00e4 ei ole anniskeluoikeuksia joten halutessasi voit ottaa mukaan lempi viini\u00e4si illallisella nautittavaksi)<\/p>\n<p><strong>\ud83c\udf05<\/strong><strong> P\u00e4iv\u00e4 2 \u2013 Aamu taiteen j\u00e4ljill\u00e4<\/strong><\/p>\n<p><strong>8.00\u201310.00<\/strong> Aamupala rauhassa<br \/>\n<strong>10.00-12.00 <\/strong>Aikaa viiv\u00e4ht\u00e4\u00e4 viel\u00e4 hetki Ateljeekodin tunnelmassa. Uloskirjautuminen ja kotimatka<\/p>\n<p><strong>\ud83d\udca7<\/strong><strong> Hinta<\/strong><\/p>\n<p><strong>350\u20ac\/hl\u00f6<\/strong><\/p>\n<p>Sis\u00e4lt\u00e4\u00e4:<\/p>\n<ul>\n<li>kaikki materiaalit: 100 % puuvillapaperin, ammattilaatuiset v\u00e4rit sek\u00e4 laadukkaat oravan- ja n\u00e4\u00e4d\u00e4nkarvasiveltimet.<\/li>\n<li>Ammattitaiteilijan ohjauksen<\/li>\n<li>Lounaan sek\u00e4 kahvin<\/li>\n<li>Valmiin teoksen passepartout kehykseen kehystettyn\u00e4 ja muistoksi todistuksen osallistumisesta<\/li>\n<li>Sauna by the lake<\/li>\n<li>Y\u00f6pyminen, sis\u00e4lt\u00e4\u00e4 lakanat ja pyyhkeet<\/li>\n<li>Illallinen<\/li>\n<li>Aamiainen<\/li>\n<\/ul>\n<p>&nbsp;<\/p>\n<p><b>Kahden y\u00f6n akvarelliel\u00e4mys t\u00e4ysihoidolla<\/b><\/p>\n<p>Kolmen p\u00e4iv\u00e4n irtiotto arjesta luovuuden, veden ja v\u00e4rin maailmassa. T\u00e4m\u00e4 kokonaisuus tarjoaa kiireett\u00f6m\u00e4n akvarellikokemuksen, aikaa syventy\u00e4 taiteeseen sek\u00e4 hemmottelevan rantaymp\u00e4rist\u00f6n saunoineen ja herkullisine ruokineen.<\/p>\n<p><strong>P\u00e4iv\u00e4 1 \u2013 Saapuminen ja inspiroituminen<\/strong><\/p>\n<p><strong>15.00<\/strong> Saapuminen, tervetulomalja ja majoittuminen<br \/>\n<strong>16.00<\/strong> Ateljeekodin ja Katjan esittely<br \/>\n<strong>17.00<\/strong> Rantasauna l\u00e4mpim\u00e4n\u00e4<br \/>\n<strong>19.00<\/strong> Illallinen Rannassa (saunatuvassa tai rantanuotiolla) tai Ateljeekodissa<\/p>\n<p><strong>P\u00e4iv\u00e4 2 \u2013 Akvarellin lumoissa<\/strong><\/p>\n<p><strong>8.00\u20139.00<\/strong> Aamupala<br \/>\n<strong>10.00\u201311.00 <\/strong>Akvarelli esitt\u00e4ytyy -veden ja v\u00e4rin leikki<br \/>\n<strong>10.30\u201311.30<\/strong> Oman teoksen aloittelu<br \/>\n<strong>11.30\u201312.30<\/strong> Inspiraatiok\u00e4vely ja ymp\u00e4rist\u00f6n havainnointi<br \/>\n<strong>12.30\u201313.30<\/strong> Lounas ja kahvi<br \/>\n<strong>13.30\u201316.00<\/strong> Oman teoksen maalaus, henkil\u00f6kohtaista ohjausta<br \/>\n<strong>16.00\u201316.30<\/strong>\u00a0Viimeistely ja kehystys passepartout-kehykseen<\/p>\n<p><strong>16.30-17.00<\/strong> yhteinen katselmus ja vinkkej\u00e4 jatkoon, todistusten jako ja valokuvaus taiteilijan kanssa.<\/p>\n<p><strong>18.00<\/strong> Sauna by the lake<br \/>\n<strong>19.30<\/strong> Illallinen (meill\u00e4 ei ole anniskeluoikeuksia joten halutessasi voit ottaa mukaan lempi viini\u00e4si illallisella nautittavaksi)<\/p>\n<p><strong>P\u00e4iv\u00e4 3 \u2013 Hyv\u00e4stit taiteen \u00e4\u00e4relt\u00e4<\/strong><\/p>\n<p><strong>8.00\u201310.00<\/strong> Aamupala<br \/>\n<strong>10.00\u201312.00<\/strong> Vapaata aikaa viiv\u00e4ht\u00e4\u00e4 viel\u00e4 hetki Ateljeekodin tunnelmassa<br \/>\n<strong>12.00<\/strong> Uloskirjautuminen ja kotimatka<\/p>\n<p><strong>Ryhm\u00e4n koko: 6-12 hl\u00f6<\/strong><\/p>\n<p><strong>price: <\/strong><strong>490 \u20ac \/ hl\u00f6<\/strong><\/p>\n<p><strong>Sis\u00e4lt\u00e4\u00e4:<\/strong><\/p>\n<ul>\n<li>kaikki materiaalit: 100 % puuvillapaperin, ammattilaatuiset v\u00e4rit sek\u00e4 laadukkaat oravan- ja n\u00e4\u00e4d\u00e4nkarvasiveltimet.<\/li>\n<li>Ammattitaiteilijan ohjauksen<\/li>\n<li>Lounaan sek\u00e4 kahvin<\/li>\n<li>Valmiin teoksen passepartout kehykseen kehystettyn\u00e4 ja muistoksi todistuksen osallistumisesta<\/li>\n<li>Rantasauna kahtena iltana<\/li>\n<li>Y\u00f6pyminen (2 y\u00f6t\u00e4), sis\u00e4lt\u00e4\u00e4 lakanat ja pyyhkeet<\/li>\n<li>Illallinen x2<\/li>\n<li>Aamiainen x2<\/li>\n<\/ul>\n<p>&nbsp;<\/p>","protected":false},"excerpt":{"rendered":"<p>Paketit seurueille Luovuutta, l\u00e4sn\u00e4oloa ja yhdess\u00e4 olemista inspiroivassa ateljeekodissa Tarjoamme el\u00e4myksellisi\u00e4 taidep\u00e4ivi\u00e4 ja kokoushetki\u00e4 ainutlaatuisessa ateljeekodissa, jossa rauha, valo ja luovuus luovat puitteet ikimuistoisille yhteisille kokemuksille. Kaikki paketit voidaan r\u00e4\u00e4t\u00e4l\u00f6id\u00e4 seurueellenne sopiviksi, ja Ateljeekoti on varattu k\u00e4ytt\u00f6\u00f6nne klo 8.00\u201320.00. El\u00e4myksellinen taidep\u00e4iv\u00e4 \u2013 Sukellus akvarellin maailmaan Tule viett\u00e4m\u00e4\u00e4n inspiroiva p\u00e4iv\u00e4, jossa v\u00e4ri, valo ja vesi kohtaavat. [&hellip;]<\/p>\n","protected":false},"author":4,"featured_media":0,"parent":56096,"menu_order":0,"comment_status":"closed","ping_status":"closed","template":"","meta":{"_et_pb_use_builder":"","_et_pb_old_content":"","_et_gb_content_width":"","footnotes":""},"class_list":["post-56436","page","type-page","status-publish","hentry"],"aioseo_notices":[],"_links":{"self":[{"href":"https:\/\/yovedenateljeekoti.net\/en\/wp-json\/wp\/v2\/pages\/56436","targetHints":{"allow":["GET"]}}],"collection":[{"href":"https:\/\/yovedenateljeekoti.net\/en\/wp-json\/wp\/v2\/pages"}],"about":[{"href":"https:\/\/yovedenateljeekoti.net\/en\/wp-json\/wp\/v2\/types\/page"}],"author":[{"embeddable":true,"href":"https:\/\/yovedenateljeekoti.net\/en\/wp-json\/wp\/v2\/users\/4"}],"replies":[{"embeddable":true,"href":"https:\/\/yovedenateljeekoti.net\/en\/wp-json\/wp\/v2\/comments?post=56436"}],"version-history":[{"count":4,"href":"https:\/\/yovedenateljeekoti.net\/en\/wp-json\/wp\/v2\/pages\/56436\/revisions"}],"predecessor-version":[{"id":56585,"href":"https:\/\/yovedenateljeekoti.net\/en\/wp-json\/wp\/v2\/pages\/56436\/revisions\/56585"}],"up":[{"embeddable":true,"href":"https:\/\/yovedenateljeekoti.net\/en\/wp-json\/wp\/v2\/pages\/56096"}],"wp:attachment":[{"href":"https:\/\/yovedenateljeekoti.net\/en\/wp-json\/wp\/v2\/media?parent=56436"}],"curies":[{"name":"wp","href":"https:\/\/api.w.org\/{rel}","templated":true}]}}