{"id":56528,"date":"2025-12-03T11:08:59","date_gmt":"2025-12-03T09:08:59","guid":{"rendered":"https:\/\/yovedenateljeekoti.net\/?page_id=56528"},"modified":"2026-02-07T21:48:09","modified_gmt":"2026-02-07T19:48:09","slug":"paketit-seurueille","status":"publish","type":"page","link":"https:\/\/yovedenateljeekoti.net\/en\/paketit-seurueille\/","title":{"rendered":"Packages for groups"},"content":{"rendered":"<p>[et_pb_section fb_built=&#8221;1&#8243; _builder_version=&#8221;4.16&#8243; global_colors_info=&#8221;{}&#8221;][et_pb_row _builder_version=&#8221;4.16&#8243; background_size=&#8221;initial&#8221; background_position=&#8221;top_left&#8221; background_repeat=&#8221;repeat&#8221; global_colors_info=&#8221;{}&#8221;][et_pb_column type=&#8221;4_4&#8243; _builder_version=&#8221;4.16&#8243; custom_padding=&#8221;|||&#8221; global_colors_info=&#8221;{}&#8221; custom_padding__hover=&#8221;|||&#8221;][et_pb_text content_tablet=&#8221;<\/p>\n<p>Majoitusta, kursseja, el\u00e4myksi\u00e4 &#038; taiteen l\u00e4sn\u00e4oloa.<\/p>\n<p>&#8221; content_phone=&#8221;<\/p>\n<h1>Majoitusta, kursseja, el\u00e4myksi\u00e4 &#038; taiteen l\u00e4sn\u00e4oloa.<\/h1>\n<p>Tule kurssille yksin tai yhdess\u00e4, kokoa yhteen perhe, yst\u00e4v\u00e4t tai ty\u00f6porukka. Tarjoamme taidekursseja ja tuokioita, tiloja kokouksille ja juhliin, tunnelmallista majoitusta sek\u00e4 el\u00e4myksellisi\u00e4 illallisia.<br \/>\nY\u00f6veden Ateljeekodissa on tilaa kaikille!<\/p>\n<p>&#8221; content_last_edited=&#8221;on|phone&#8221; _builder_version=&#8221;4.27.5&#8243; _module_preset=&#8221;default&#8221; text_font=&#8221;Lora|300|||||||&#8221; text_text_color=&#8221;gcid-12af393f-0593-446a-b68b-8d1fa350dd3c&#8221; text_font_size=&#8221;13px&#8221; text_line_height=&#8221;1.8em&#8221; header_font=&#8221;Playfair Display||||||||&#8221; header_text_color=&#8221;gcid-12af393f-0593-446a-b68b-8d1fa350dd3c&#8221; header_font_size=&#8221;43px&#8221; header_line_height=&#8221;1.2em&#8221; text_orientation=&#8221;center&#8221; width=&#8221;54%&#8221; module_alignment=&#8221;center&#8221; custom_margin=&#8221;17px||36px|1px||&#8221; custom_padding=&#8221;7px|0%||0%|false|true&#8221; header_font_size_tablet=&#8221;43px&#8221; header_font_size_phone=&#8221;32px&#8221; header_font_size_last_edited=&#8221;on|phone&#8221; global_colors_info=&#8221;{%22gcid-12af393f-0593-446a-b68b-8d1fa350dd3c%22:%91%22text_text_color%22,%22header_text_color%22,%22text_text_color%22%93}&#8221;]<\/p>\n<h1 style=\"text-align: center;\">El\u00e4myksi\u00e4, luonnon rauhaa<\/h1>\n<h1 style=\"text-align: center;\">&amp; taiteen l\u00e4sn\u00e4oloa Saimaan saaressa.<\/h1>\n<p>&nbsp;<\/p>\n<h4 style=\"text-align: center;\">Tule kurssille yksin tai yhdess\u00e4, kokoa yhteen perhe, yst\u00e4v\u00e4t tai ty\u00f6porukka. Tarjoamme taidekursseja ja tuokioita, tiloja kokouksille ja juhliin, tunnelmallista majoitusta sek\u00e4 el\u00e4myksellisi\u00e4 illallisia.<\/h4>\n<h4 style=\"text-align: center;\">Y\u00f6veden Ateljeekoti toimii Mikkelin Himalansaaressa vanhassa kansakoulurakennuksessa, keskell\u00e4 ikivanhaa kulttuurimaisemaa ja kauneinta Saimaan luontoa.<\/h4>\n<h4 style=\"text-align: center;\">Y\u00f6veden Ateljeekodissa on tilaa kaikille!<\/h4>\n<p>&nbsp;<\/p>\n<p>[\/et_pb_text][et_pb_blog fullwidth=&#8221;off&#8221; include_categories=&#8221;9&#8243; show_more=&#8221;on&#8221; show_author=&#8221;off&#8221; show_date=&#8221;off&#8221; show_categories=&#8221;off&#8221; _builder_version=&#8221;4.27.4&#8243; _module_preset=&#8221;default&#8221; header_font=&#8221;Cinzel Decorative|700|||||||&#8221; header_text_align=&#8221;center&#8221; header_text_color=&#8221;#011738&#8243; body_font=&#8221;|600|||||||&#8221; body_text_color=&#8221;#011738&#8243; read_more_font=&#8221;Cinzel Decorative||||||||&#8221; read_more_text_color=&#8221;#c16250&#8243; border_width_all=&#8221;2px&#8221; border_color_all=&#8221;gcid-992030b7-aaf3-4f40-a6f8-6a8f4e4e208c&#8221; border_style_all=&#8221;double&#8221; global_colors_info=&#8221;{%22gcid-992030b7-aaf3-4f40-a6f8-6a8f4e4e208c%22:%91%22border_color_all%22%93}&#8221;][\/et_pb_blog][\/et_pb_column][\/et_pb_row][\/et_pb_section]<\/p>\n","protected":false},"excerpt":{"rendered":"<p>El\u00e4myksi\u00e4, luonnon rauhaa &amp; taiteen l\u00e4sn\u00e4oloa Saimaan saaressa. &nbsp; Tule kurssille yksin tai yhdess\u00e4, kokoa yhteen perhe, yst\u00e4v\u00e4t tai ty\u00f6porukka. Tarjoamme taidekursseja ja tuokioita, tiloja kokouksille ja juhliin, tunnelmallista majoitusta sek\u00e4 el\u00e4myksellisi\u00e4 illallisia. Y\u00f6veden Ateljeekoti toimii Mikkelin Himalansaaressa vanhassa kansakoulurakennuksessa, keskell\u00e4 ikivanhaa kulttuurimaisemaa ja kauneinta Saimaan luontoa. Y\u00f6veden Ateljeekodissa on tilaa kaikille! &nbsp;<\/p>","protected":false},"author":4,"featured_media":0,"parent":0,"menu_order":0,"comment_status":"closed","ping_status":"closed","template":"","meta":{"_et_pb_use_builder":"on","_et_pb_old_content":"<p><strong>Luovuutta, l\u00e4sn\u00e4oloa ja yhdess\u00e4 tekemist\u00e4 inspiroivassa ateljeekodissa<\/strong><\/p><p>Tarjoamme el\u00e4myksellisi\u00e4 taidep\u00e4ivi\u00e4 ja kokoushetki\u00e4 ainutlaatuisessa ateljeekodissa, jossa luonnon rauha ja luovuus muodostavat puitteet ikimuistoisille yhteisille kokemuksille. Kaikki paketit voidaan r\u00e4\u00e4t\u00e4l\u00f6id\u00e4 seurueellenne sopiviksi.<\/p><p><strong>El\u00e4myksellinen taidep\u00e4iv\u00e4 \u2013 Sukellus akvarellin maailmaan<\/strong><\/p><p>Tule viett\u00e4m\u00e4\u00e4n inspiroiva p\u00e4iv\u00e4, jossa v\u00e4ri, valo ja vesi kohtaavat. Akvarellip\u00e4iv\u00e4 sopii niin aloitteleville kuin kokeneemmillekin maalareille \u2013 saat henkil\u00f6kohtaista ohjausta ja p\u00e4\u00e4set uppoutumaan luovaan tilaan omassa tahdissasi.<\/p><p><strong>P\u00e4iv\u00e4n aikataulu voidaan r\u00e4\u00e4t\u00e4l\u00f6iden ryhm\u00e4nne tarpeiden ja toiveiden mukaan.<\/strong><\/p><p><strong>P\u00e4iv\u00e4n ohjelma:<\/strong><\/p><ul><li>10.00 saapuminen ja tervetulomalja<\/li><li>10.30\u201311.00 Ateljeekodin ja Katja esittely<\/li><li>11.00\u201312.00 Akvarelli esitt\u00e4ytyy -veden ja v\u00e4rin leikki<\/li><li>12.00\u201313.00 inspiraatiok\u00e4vely ja vapaata tutustumista ymp\u00e4rist\u00f6\u00f6n<\/li><li>13.00\u201314.00 lounas ja kahvi<\/li><li>14.00\u201316.00 oman teoksen maalausta ja henkil\u00f6kohtaista ohjausta<\/li><li>16.00\u201316.30 viimeistely ja kehystys passepartout kehykseen<\/li><li>16.30\u201317.00 yhteinen katselmus, todistusten jako ja valokuva taiteilijan kanssa.<\/li><\/ul><p><strong>Sis\u00e4lt\u00e4\u00e4:<\/strong><\/p><ul><li>kaikki materiaalit ja tarvikkeet (100 % puuvillapaperi, ammattilaatuiset v\u00e4rit ja v\u00e4lineet, passepartout kehyksen)<\/li><li>lounaan ja kahvin<\/li><li>muistoksi todistus osallistumisesta<\/li><\/ul><p><strong>Hinta:<\/strong> 185\u20ac\/hl\u00f6<\/p><p><strong>Ryhm\u00e4n koko:<\/strong> 6-12 hl\u00f6<\/p><p>\u00a0<\/p><p><img class=\"wp-image-56543 aligncenter\" src=\"https:\/\/yovedenateljeekoti.net\/wp-content\/uploads\/2025\/12\/Taidepaiva3-e1764929066326.jpeg\" alt=\"\" width=\"403\" height=\"254\" \/><\/p><p>\u00a0<\/p><p><strong>Yhden y\u00f6n akvarelliel\u00e4mys t\u00e4ysihoidolla<\/strong><\/p><p><b>Hinta: 350\u20ac\/hl\u00f6<\/b><\/p><p><strong>Ryhm\u00e4n koko: 6-12 hl\u00f6<\/strong><\/p><p>Koe kahden p\u00e4iv\u00e4n mittainen taide-el\u00e4mys, jossa v\u00e4ri, valo ja vesi kohtaavat. Pehme\u00e4sti etenev\u00e4 ohjelma yhdist\u00e4\u00e4 luovan ty\u00f6skentelyn, luonnosta ammentavan inspiraation ja hemmottelevan majoituksen rantaymp\u00e4rist\u00f6ss\u00e4. Sopii sek\u00e4 aloittelijoille ett\u00e4 kokeneille maalareille.<\/p><p><strong>P\u00e4iv\u00e4 1 \u2013 Akvarellin lumoissa<\/strong><\/p><p><strong>P\u00e4iv\u00e4n ohjelma:<\/strong><\/p><ul><li><strong>10.00<\/strong> saapuminen ja tervetulomalja<\/li><li><strong>10.30\u201311.00<\/strong> Ateljeekodin ja Katja esittely<\/li><li><strong>11.00\u201312.00<\/strong> Akvarelli esitt\u00e4ytyy -veden ja v\u00e4rin leikki<\/li><li><strong>12.00\u201313.00<\/strong> inspiraatiok\u00e4vely ja vapaata tutustumista ymp\u00e4rist\u00f6\u00f6n<\/li><li><strong>13.00\u201314.00<\/strong> lounas ja kahvi<\/li><li><strong>14.00\u201316.00<\/strong> oman teoksen maalausta ja henkil\u00f6kohtaista ohjausta<\/li><li><strong>16.00\u201316.30<\/strong> viimeistely ja kehystys passepartout kehykseen<\/li><li><strong>16.30\u201317.00<\/strong> yhteinen katselmus, todistusten jako ja valokuva taiteilijan kanssa.<\/li><li><strong>17.30<\/strong> rantasauna l\u00e4mpim\u00e4n\u00e4<\/li><li><strong>19.30<\/strong> Illallinen Ateljeessa (meill\u00e4 ei ole anniskeluoikeuksi joten voit halutessasi ottaa lempi viini\u00e4si mukaan illallisella nautittavaksi)<\/li><\/ul><p><strong>\u00a0P\u00e4iv\u00e4 2 \u2013 Aamu taiteen j\u00e4ljill\u00e4<\/strong><\/p><p><strong>9.00\u201310.00<\/strong> Aamupala rauhassa<br \/><strong>10.00- 12.00 <\/strong>aikaa viiv\u00e4ht\u00e4\u00e4 viel\u00e4 hetki Ateljeekodin tunnelmassa sek\u00e4 kotiin l\u00e4ht\u00f6.<\/p><p><strong>Sis\u00e4lt\u00e4\u00e4:<\/strong><\/p><ul><li>kaikki materiaalit ja tarvikkeet (100 % puuvillapaperi, ammattilaatuiset v\u00e4rit ja v\u00e4lineet, passepartout kehyksen)<\/li><li>lounaan ja kahvin<\/li><li>muistoksi todistus osallistumisesta<\/li><li>aamiaisen<\/li><li>illallisen<\/li><li>rantasauna<\/li><li>y\u00f6pymisen (sis\u00e4lt\u00e4\u00e4 lakanat ja pyyhkeet)<\/li><\/ul><p><b>Hinta: 350\u20ac\/hl\u00f6<\/b><\/p><p><strong>Ryhm\u00e4n koko: 6-12 hl\u00f6<\/strong><\/p><p><img class=\"wp-image-56547 aligncenter\" src=\"https:\/\/yovedenateljeekoti.net\/wp-content\/uploads\/2025\/12\/YovedenAteljee_2023_kuva_Pihla_Liukkonen_Kontrastia-58-scaled-e1764932499715.jpg\" alt=\"\" width=\"320\" height=\"253\" \/><\/p><p><strong>Kahden y\u00f6n akvarelliel\u00e4mys t\u00e4ysihoidolla<\/strong><\/p><p>Kolmen p\u00e4iv\u00e4n irtiotto arjesta luovuuden, veden ja v\u00e4rin maailmassa. T\u00e4m\u00e4 kokonaisuus tarjoaa kiireett\u00f6m\u00e4n akvarellikokemuksen, aikaa syventy\u00e4 taiteeseen sek\u00e4 hemmottelevan rantaymp\u00e4rist\u00f6n saunoineen ja herkullisine ruokineen.<\/p><p><strong>\u00a0P\u00e4iv\u00e4 1 \u2013 Saapuminen ja inspiroituminen<\/strong><\/p><p><strong>15.00<\/strong> Saapuminen, majoittuminen<br \/><strong>16.00<\/strong> Ateljeekodin ja Katja esittely<br \/><strong>17.00<\/strong> Rantasauna l\u00e4mpim\u00e4n\u00e4<br \/><strong>19.00<\/strong> Illallinen rannassa joko saunatuvassa tai nuotiolla<\/p><p><strong>P\u00e4iv\u00e4 2 \u2013 Akvarellin lumoissa<\/strong><\/p><ul><li><strong>8.00\u20139.00<\/strong> aamiainen<\/li><li><strong>10.00\u201311.30<\/strong> akvarelli esitt\u00e4ytyy -veden ja v\u00e4rin leikki<\/li><li><strong>11.30\u201312.30<\/strong> inspiraatiok\u00e4vely ja ymp\u00e4rist\u00f6n havainnointi<\/li><li><strong>12.30\u201313.30<\/strong> lounas ja kahvi<\/li><li><strong>13.30\u201316.00<\/strong> oman teoksen maalaus, henkil\u00f6kohtaista ohjausta<\/li><li><strong>16.00\u201316.30<\/strong> viimeistely ja kehystys passepartout kehykseen<\/li><li><strong>16.30\u201317.00<\/strong> yhteinen katselmus ja vinkkej\u00e4 jatkoon, todistusten jako ja yhteiskuva taiteilijan kanssa<\/li><li><strong>17.30<\/strong> rantasauna l\u00e4mpim\u00e4n\u00e4<\/li><li><strong>19.30<\/strong> Illallinen Ateljeessa<\/li><\/ul><p><strong>P\u00e4iv\u00e4 3 \u2013 Hyv\u00e4stit taiteen \u00e4\u00e4relt\u00e4<\/strong><\/p><ul><li><strong>9.00\u201310.00<\/strong> aamiainen<\/li><li><strong>10.00\u201312.00<\/strong> vapaata aikaa viiv\u00e4ht\u00e4\u00e4 viel\u00e4 hetki Ateljeekodin tunnelmassa, uloskirjautuminen ja kotiin l\u00e4ht\u00f6.<\/li><\/ul><p><strong>Sis\u00e4lt\u00e4\u00e4:<\/strong><\/p><ul><li>kaikki materiaalit ja tarvikkeet (100 % puuvillapaperi, ammattilaatuiset v\u00e4rit ja v\u00e4lineet, passepartout kehyksen)<\/li><li>lounaan ja kahvin<\/li><li>muistoksi todistus osallistumisesta<\/li><li>aamiaisen x2<\/li><li>illallisen x2<\/li><li>rantasauna x2<\/li><li>y\u00f6pymisen x2 (sis\u00e4lt\u00e4\u00e4 lakanat ja pyyhkeet)<\/li><\/ul><p><strong>Hinta 490\u20ac\/hl\u00f6<\/strong><\/p><p><b>Ryhm\u00e4n koko: 6-12 hl\u00f6<\/b><\/p><p>\u00a0<\/p>","_et_gb_content_width":"","footnotes":""},"class_list":["post-56528","page","type-page","status-publish","hentry"],"aioseo_notices":[],"_links":{"self":[{"href":"https:\/\/yovedenateljeekoti.net\/en\/wp-json\/wp\/v2\/pages\/56528","targetHints":{"allow":["GET"]}}],"collection":[{"href":"https:\/\/yovedenateljeekoti.net\/en\/wp-json\/wp\/v2\/pages"}],"about":[{"href":"https:\/\/yovedenateljeekoti.net\/en\/wp-json\/wp\/v2\/types\/page"}],"author":[{"embeddable":true,"href":"https:\/\/yovedenateljeekoti.net\/en\/wp-json\/wp\/v2\/users\/4"}],"replies":[{"embeddable":true,"href":"https:\/\/yovedenateljeekoti.net\/en\/wp-json\/wp\/v2\/comments?post=56528"}],"version-history":[{"count":14,"href":"https:\/\/yovedenateljeekoti.net\/en\/wp-json\/wp\/v2\/pages\/56528\/revisions"}],"predecessor-version":[{"id":57073,"href":"https:\/\/yovedenateljeekoti.net\/en\/wp-json\/wp\/v2\/pages\/56528\/revisions\/57073"}],"wp:attachment":[{"href":"https:\/\/yovedenateljeekoti.net\/en\/wp-json\/wp\/v2\/media?parent=56528"}],"curies":[{"name":"wp","href":"https:\/\/api.w.org\/{rel}","templated":true}]}}