{"id":56942,"date":"2025-12-17T13:52:26","date_gmt":"2025-12-17T11:52:26","guid":{"rendered":"https:\/\/yovedenateljeekoti.net\/?page_id=56942"},"modified":"2025-12-17T16:52:43","modified_gmt":"2025-12-17T14:52:43","slug":"sauna","status":"publish","type":"page","link":"https:\/\/yovedenateljeekoti.net\/en\/sauna\/","title":{"rendered":"Sauna"},"content":{"rendered":"<p>[et_pb_section fb_built=&#8221;1&#8243; _builder_version=&#8221;4.16&#8243; global_colors_info=&#8221;{}&#8221;][et_pb_row _builder_version=&#8221;4.16&#8243; background_size=&#8221;initial&#8221; background_position=&#8221;top_left&#8221; background_repeat=&#8221;repeat&#8221; global_colors_info=&#8221;{}&#8221;][et_pb_column type=&#8221;4_4&#8243; _builder_version=&#8221;4.16&#8243; custom_padding=&#8221;|||&#8221; global_colors_info=&#8221;{}&#8221; custom_padding__hover=&#8221;|||&#8221;][et_pb_text _builder_version=&#8221;4.27.5&#8243; background_size=&#8221;initial&#8221; background_position=&#8221;top_left&#8221; background_repeat=&#8221;repeat&#8221; hover_enabled=&#8221;0&#8243; global_colors_info=&#8221;{}&#8221; sticky_enabled=&#8221;0&#8243;]<\/p>\n<p><strong>Y\u00f6veden Ateljeekodin sauna<\/strong> on el\u00e4mys, jossa historia, luonto ja Saimaan tunnelma kietoutuvat yhteen. Noin kilometrin p\u00e4\u00e4ss\u00e4 Ateljeekodista, Saimaan Y\u00f6veden rauhallisella rannalla sijaitseva, vuonna 1860 rakennettu sauna tarjoaa aidon ja unohtumattoman saunakokemuksen.<\/p>\n<p>Vuosikymmenten aikana sauna on palvellut monissa rooleissa: se on toiminut odotustilana viereisell\u00e4 laivalaiturilla pys\u00e4htyneen h\u00f6yrylaivan matkustajille aikana, jolloin saareen saavuttiin vain vesitse, ennen maantien valmistumista vuonna 1936. My\u00f6hemmin saunaa on k\u00e4ytetty my\u00f6s lihan palvaussaunana \u2013 t\u00e4st\u00e4 muistuttavat kauniisti tummuneet hirsisein\u00e4t, jotka kertovat tarinaansa menneilt\u00e4 ajoilta.<\/p>\n<p>Saunan edustalla avautuu kaksi viihtyis\u00e4\u00e4 terassia, joilla on ihanaa vilvoitella l\u00f6ylyjen v\u00e4liss\u00e4 ja katsella Y\u00f6veden avaria maisemia. Tilavalta laiturilta on helppo pulahtaa kirkkaaseen j\u00e4rviveteen. Saunan vieress\u00e4 sijaitseva <strong>nuotiopaikka<\/strong> kutsuu jatkamaan iltaa tunnelmallisesti \u2013 vaikkapa nuotiomakkaraa paistaen ja hiljaisuutta kuunnellen.<\/p>\n<p>Alueen ainutlaatuinen luonto tekee saunakokemuksesta viel\u00e4kin erityisemm\u00e4n. Y\u00f6vedell\u00e4 pesii ja kalastaa my\u00f6s <strong>saimaannorppa<\/strong> \u2013 t\u00e4m\u00e4 utelias pullukka saattaa hyv\u00e4ll\u00e4 tuurilla n\u00e4ytt\u00e4yty\u00e4 juuri Saunarannassa. Lis\u00e4ksi l\u00e4hist\u00f6ll\u00e4 sijaitsevat Pohjoismaiden laajimpiin kuuluvat <strong>Astuvansalmen kalliomaalaukset,<\/strong> joille on vesiteitse matkaa noin kilometri. Majoittujien on mahdollista vuokrata soutuvene s\u00e4hk\u00f6per\u00e4moottorilla, mik\u00e4 tekee retkest\u00e4 kalliomaalauksille vaivattoman ja el\u00e4myksellisen.<\/p>\n<p>Saunan lauteille mahtuu mukavasti viisi saunojaa kerrallaan. Kertal\u00e4mmitteinen sauna tarjoaa pehme\u00e4t ja nautinnolliset l\u00f6ylyt noin kolmen tunnin ajaksi yhdell\u00e4 l\u00e4mmityksell\u00e4. Y\u00f6veden Ateljeekodin sauna on t\u00e4ydellinen paikka hidastaa, rentoutua ja kokea Saimaan luonnon ja historian ainutlaatuinen yhteys.<\/p>\n<p>[\/et_pb_text][et_pb_gallery gallery_ids=&#8221;56946,56652,56958,56655,56957,56657,56956,54310,56654,56651,56730,56953,56461,56947,56731,56891,56949,56954&#8243; _builder_version=&#8221;4.27.5&#8243; _module_preset=&#8221;default&#8221; global_colors_info=&#8221;{}&#8221;][\/et_pb_gallery][et_pb_text _builder_version=&#8221;4.27.4&#8243; text_font=&#8221;Lora|300|on||||||&#8221; text_text_color=&#8221;gcid-12af393f-0593-446a-b68b-8d1fa350dd3c&#8221; text_font_size=&#8221;20px&#8221; text_line_height=&#8221;1.5em&#8221; header_font=&#8221;Playfair Display|300|||||||&#8221; header_text_color=&#8221;gcid-12af393f-0593-446a-b68b-8d1fa350dd3c&#8221; header_font_size=&#8221;20px&#8221; header_line_height=&#8221;1.8em&#8221; background_color=&#8221;rgba(248,245,240,0.8)&#8221; text_orientation=&#8221;center&#8221; custom_margin=&#8221;63px||||false|false&#8221; custom_margin_tablet=&#8221;63px||||false|false&#8221; custom_margin_phone=&#8221;-1%||||false|false&#8221; custom_margin_last_edited=&#8221;on|phone&#8221; custom_padding=&#8221;5%|3%|8.6%|3%|false|true&#8221; text_font_size_tablet=&#8221;29px&#8221; text_font_size_phone=&#8221;18px&#8221; text_font_size_last_edited=&#8221;on|phone&#8221; header_font_size_tablet=&#8221;20px&#8221; header_font_size_phone=&#8221;14px&#8221; header_font_size_last_edited=&#8221;on|phone&#8221; global_colors_info=&#8221;{%22gcid-12af393f-0593-446a-b68b-8d1fa350dd3c%22:%91%22text_text_color%22,%22header_text_color%22%93}&#8221;]<\/p>\n<p style=\"text-align: center;\"><span style=\"font-weight: 400;\">24.6.2024<\/span><\/p>\n<p style=\"text-align: center;\"><span style=\"font-weight: 400;\">Kiitos aivan ihanasta majoituksesta maagisessa ateljeekodissa.<\/span><\/p>\n<p style=\"text-align: center;\"><strong>K\u00e4ki kukkui, tuuli humisi puissa, aurinko paistoi ja ihana rauha ymp\u00e4rill\u00e4. Rantasaunassa sai pehme\u00e4t kosteat l\u00f6ylyt ja oli ihana pulahtaa Saimaassa. Kiitos my\u00f6s siit\u00e4, ett\u00e4 saimme kuulla paikan ainutlaatuisesta historiasta. Hyv\u00e4\u00e4 kes\u00e4\u00e4 ja toivottavasti tapaamme pian uudestaan.<\/strong><\/p>\n<p>[\/et_pb_text][et_pb_button button_url=&#8221;https:\/\/yovedenateljeekoti.net\/elamykset-ja-majoitus\/&#8221; button_text=&#8221;Majoitu Ateljeekodissa&#8221; _builder_version=&#8221;4.27.5&#8243; _module_preset=&#8221;default&#8221; global_colors_info=&#8221;{}&#8221;][\/et_pb_button][et_pb_button button_url=&#8221;https:\/\/yovedenateljeekoti.net\/illallinen-ateljeessa-fine-dining\/&#8221; button_text=&#8221;Illallinen Ateljeessa&#8221; _builder_version=&#8221;4.27.5&#8243; _module_preset=&#8221;default&#8221; global_colors_info=&#8221;{}&#8221;][\/et_pb_button][et_pb_button button_url=&#8221;https:\/\/yovedenateljeekoti.net\/paketit-seurueille\/&#8221; button_text=&#8221; El\u00e4myspaketit seurueille&#8221; _builder_version=&#8221;4.27.5&#8243; _module_preset=&#8221;default&#8221; global_colors_info=&#8221;{}&#8221;][\/et_pb_button][et_pb_image src=&#8221;https:\/\/yovedenateljeekoti.net\/wp-content\/uploads\/2018\/12\/airbnb_logo-1.png&#8221; title_text=&#8221;airbnb_logo&#8221; url=&#8221;https:\/\/www.airbnb.fi\/rooms\/31169091?guests=1&amp;adults=1&amp;s=67&amp;unique_share_id=81881805-aad5-4cf1-9e79-f5e0a5ce1b09&#8243; url_new_window=&#8221;on&#8221; _builder_version=&#8221;4.24.2&#8243; _module_preset=&#8221;default&#8221; width=&#8221;49%&#8221; max_width=&#8221;13%&#8221; module_alignment=&#8221;center&#8221; global_colors_info=&#8221;{}&#8221;][\/et_pb_image][et_pb_button button_url=&#8221;https:\/\/fi.wikipedia.org\/wiki\/Himalansaari&#8221; url_new_window=&#8221;on&#8221; button_text=&#8221;Himalansaari&#8221; button_alignment=&#8221;center&#8221; _builder_version=&#8221;4.27.4&#8243; _module_preset=&#8221;default&#8221; custom_button=&#8221;on&#8221; button_text_size=&#8221;18px&#8221; button_text_color=&#8221;#FFFFFF&#8221; button_bg_color=&#8221;gcid-12af393f-0593-446a-b68b-8d1fa350dd3c&#8221; button_border_width=&#8221;10px&#8221; button_border_color=&#8221;gcid-12af393f-0593-446a-b68b-8d1fa350dd3c&#8221; button_border_radius=&#8221;37px&#8221; button_letter_spacing=&#8221;3px&#8221; button_font=&#8221;Lora|700||on|||||&#8221; button_use_icon=&#8221;off&#8221; custom_margin=&#8221;||12%||false|false&#8221; global_colors_info=&#8221;{%22gcid-12af393f-0593-446a-b68b-8d1fa350dd3c%22:%91%22button_bg_color%22,%22button_border_color%22%93}&#8221;][\/et_pb_button][et_pb_button button_url=&#8221;https:\/\/www.visitmikkeli.fi\/teema\/astuvansalmi&#8221; url_new_window=&#8221;on&#8221; button_text=&#8221;Astuvansalmen kalliomaalaukset&#8221; button_alignment=&#8221;center&#8221; _builder_version=&#8221;4.27.4&#8243; _module_preset=&#8221;default&#8221; custom_button=&#8221;on&#8221; button_text_size=&#8221;18px&#8221; button_text_color=&#8221;#FFFFFF&#8221; button_bg_color=&#8221;gcid-12af393f-0593-446a-b68b-8d1fa350dd3c&#8221; button_border_width=&#8221;10px&#8221; button_border_color=&#8221;gcid-12af393f-0593-446a-b68b-8d1fa350dd3c&#8221; button_border_radius=&#8221;37px&#8221; button_letter_spacing=&#8221;3px&#8221; button_font=&#8221;Lora|700||on|||||&#8221; button_use_icon=&#8221;off&#8221; custom_margin=&#8221;||5.3%||false|false&#8221; global_colors_info=&#8221;{%22gcid-12af393f-0593-446a-b68b-8d1fa350dd3c%22:%91%22button_bg_color%22,%22button_border_color%22%93}&#8221;][\/et_pb_button][\/et_pb_column][\/et_pb_row][\/et_pb_section]<\/p>\n","protected":false},"excerpt":{"rendered":"<p>Y\u00f6veden Ateljeekodin sauna on el\u00e4mys, jossa historia, luonto ja Saimaan tunnelma kietoutuvat yhteen. Noin kilometrin p\u00e4\u00e4ss\u00e4 Ateljeekodista, Saimaan Y\u00f6veden rauhallisella rannalla sijaitseva, vuonna 1860 rakennettu sauna tarjoaa aidon ja unohtumattoman saunakokemuksen. Vuosikymmenten aikana sauna on palvellut monissa rooleissa: se on toiminut odotustilana viereisell\u00e4 laivalaiturilla pys\u00e4htyneen h\u00f6yrylaivan matkustajille aikana, jolloin saareen saavuttiin vain vesitse, ennen maantien [&hellip;]<\/p>\n","protected":false},"author":4,"featured_media":0,"parent":0,"menu_order":0,"comment_status":"closed","ping_status":"closed","template":"","meta":{"_et_pb_use_builder":"on","_et_pb_old_content":"<p>Y\u00f6veden Ateljeekodin sauna sijaitsee noin kilometrin p\u00e4\u00e4ss\u00e4 Ateljeekodista, aivan Saimaan Y\u00f6veden rauhallisella rannalla. T\u00e4m\u00e4 tunnelmallinen, vuonna 1860 rakennettu sauna huokuu historiaa ja ainutlaatuista saaristotunnelmaa.<\/p><p>Aikoinaan sauna toimi odotustilana viereisell\u00e4 laivalaiturilla pys\u00e4htyneen h\u00f6yrylaivan matkustajille. Ennen maantien valmistumista vuonna 1936 kaikki kulkeminen saareen tapahtui vesitse, ja sauna oli t\u00e4rke\u00e4 osa rannan el\u00e4m\u00e4\u00e4. My\u00f6hemmin sit\u00e4 on k\u00e4ytetty my\u00f6s lihan palvaussaunana \u2013 t\u00e4st\u00e4 kertovat yh\u00e4 kauniisti tummuneet hirsisein\u00e4t.<\/p><p>Saunan edustalla on kaksi terassia, joilla on miellytt\u00e4v\u00e4 vilvoitella ja ihailla Y\u00f6veden maisemia. Tilavalta laiturilta p\u00e4\u00e4see helposti uimaan kirkkaisiin j\u00e4rvivesiin. Saunan vieress\u00e4 sijaitsee nuotiopaikka, joka kutsuu jatkamaan iltaa rennossa ja tunnelmallisessa ymp\u00e4rist\u00f6ss\u00e4 \u2013 vaikkapa makkaraa paistaen.<\/p>","_et_gb_content_width":"","footnotes":""},"class_list":["post-56942","page","type-page","status-publish","hentry"],"aioseo_notices":[],"_links":{"self":[{"href":"https:\/\/yovedenateljeekoti.net\/en\/wp-json\/wp\/v2\/pages\/56942","targetHints":{"allow":["GET"]}}],"collection":[{"href":"https:\/\/yovedenateljeekoti.net\/en\/wp-json\/wp\/v2\/pages"}],"about":[{"href":"https:\/\/yovedenateljeekoti.net\/en\/wp-json\/wp\/v2\/types\/page"}],"author":[{"embeddable":true,"href":"https:\/\/yovedenateljeekoti.net\/en\/wp-json\/wp\/v2\/users\/4"}],"replies":[{"embeddable":true,"href":"https:\/\/yovedenateljeekoti.net\/en\/wp-json\/wp\/v2\/comments?post=56942"}],"version-history":[{"count":8,"href":"https:\/\/yovedenateljeekoti.net\/en\/wp-json\/wp\/v2\/pages\/56942\/revisions"}],"predecessor-version":[{"id":56971,"href":"https:\/\/yovedenateljeekoti.net\/en\/wp-json\/wp\/v2\/pages\/56942\/revisions\/56971"}],"wp:attachment":[{"href":"https:\/\/yovedenateljeekoti.net\/en\/wp-json\/wp\/v2\/media?parent=56942"}],"curies":[{"name":"wp","href":"https:\/\/api.w.org\/{rel}","templated":true}]}}